{"id":786,"date":"2024-11-26T18:57:27","date_gmt":"2024-11-26T17:57:27","guid":{"rendered":"https:\/\/goormann-varga.de\/786-2\/"},"modified":"2024-11-26T18:58:06","modified_gmt":"2024-11-26T17:58:06","slug":"786-2","status":"publish","type":"page","link":"https:\/\/goormann-varga.de\/cs\/786-2\/","title":{"rendered":"p\u0159elo\u017eit"},"content":{"rendered":"<div class=\"wpb-content-wrapper\"><p>[vc_row][vc_column]<div class=\"dfd-heading-shortcode\"><div class=\"dfd-heading-module-wrap  text-center style_01 dfd-heading-6a059155a94e0 dfd-disable-resposive-headings\" id=\"dfd-heading-6a059155a94e0\" ><div class=\"inline-block\"><div class=\"dfd-heading-module\"><h5 class=\"widget-title dfd-title \" style=\"\"><span style=\"--darkreader-inline-color: #f2eee7; color: #ffffff;\" data-darkreader-inline-color=\"\">St\u011b\u017eejn\u00ed body<\/span><\/h5><h3 class=\"widget-sub-title dfd-sub-title \" style=\"\">n\u011bmecky - slovensky<\/h3><div class=\"dfd-heading-delimiter\"><\/div><\/div><\/div><\/div><script type=\"text\/javascript\">\r\n\t\t\t\t\t\t\t\t\t(function($) {\r\n\t\t\t\t\t\t\t\t\t\t$(\"head\").append(\"<style>.dfd-heading-6a059155a94e0.dfd-heading-module-wrap .dfd-heading-module .dfd-heading-delimiter {border-bottom-style:solid;border-bottom-width:1px;width:100px;border-bottom-color:#dddddd;}.dfd-heading-6a059155a94e0.dfd-heading-module-wrap .dfd-heading-module .dfd-heading-delimiter {margin-top:10px;margin-bottom:10px;}<\/style>\");\r\n\t\t\t\t\t\t\t\t\t})(jQuery);\r\n\t\t\t\t\t\t\t\t<\/script><\/div>[\/vc_column][\/vc_row]<\/p>\n<\/div>","protected":false},"excerpt":{"rendered":"<p>[vc_row][vc_column][\/vc_column][\/vc_row]<\/p>\n","protected":false},"author":1,"featured_media":0,"parent":0,"menu_order":0,"comment_status":"closed","ping_status":"closed","template":"","meta":{"_editorskit_title_hidden":false,"_editorskit_reading_time":0,"_editorskit_is_block_options_detached":false,"_editorskit_block_options_position":"{}","footnotes":""},"class_list":["post-786","page","type-page","status-publish","hentry"],"_links":{"self":[{"href":"https:\/\/goormann-varga.de\/cs\/wp-json\/wp\/v2\/pages\/786","targetHints":{"allow":["GET"]}}],"collection":[{"href":"https:\/\/goormann-varga.de\/cs\/wp-json\/wp\/v2\/pages"}],"about":[{"href":"https:\/\/goormann-varga.de\/cs\/wp-json\/wp\/v2\/types\/page"}],"author":[{"embeddable":true,"href":"https:\/\/goormann-varga.de\/cs\/wp-json\/wp\/v2\/users\/1"}],"replies":[{"embeddable":true,"href":"https:\/\/goormann-varga.de\/cs\/wp-json\/wp\/v2\/comments?post=786"}],"version-history":[{"count":5,"href":"https:\/\/goormann-varga.de\/cs\/wp-json\/wp\/v2\/pages\/786\/revisions"}],"predecessor-version":[{"id":799,"href":"https:\/\/goormann-varga.de\/cs\/wp-json\/wp\/v2\/pages\/786\/revisions\/799"}],"wp:attachment":[{"href":"https:\/\/goormann-varga.de\/cs\/wp-json\/wp\/v2\/media?parent=786"}],"curies":[{"name":"wp","href":"https:\/\/api.w.org\/{rel}","templated":true}]}}